{"id":560,"date":"2017-01-06T00:32:24","date_gmt":"2017-01-06T00:32:24","guid":{"rendered":"http:\/\/localhost:8080\/mywordpress\/pmv-2001-purple-color\/"},"modified":"2024-12-12T12:13:30","modified_gmt":"2024-12-12T20:13:30","slug":"pmv-2001-tracheostomy-ventilator-swallowing-speaking-valve","status":"publish","type":"page","link":"http:\/\/1.passy-muir.com\/es\/pmv-2001-tracheostomy-ventilator-swallowing-speaking-valve\/","title":{"rendered":"PMV\u00ae 2001 (Purple Color\u00ae) Speaking Valve"},"content":{"rendered":"<div class=\"l3-header-con no-banner\">\n<h1 class=\"l3-header-text\"><span class=\"\">PMV<\/span><sup>\u00ae<\/sup> 2001 (Purple Color<sup>\u00ae<\/sup>)<\/h1>\n<\/div>\n<div class=\"row\">\n<div class=\"col-sm-8\">\n<figure class=\"product_image\"><img decoding=\"async\" title=\"PMV 2001 (Purple Color)\" src=\"\/wp-content\/uploads\/2024\/03\/pmv2001-2024reg.png\" alt=\"The PMV 2001 Tracheostomy &amp; Ventilator Swallowing and Speaking Valve (15mm I.D., 23mm O.D.)\" \/><\/figure>\n<div class=\"\">\n<p class=\"translation-block\">La V\u00e1lvula de Habla y de Degluci\u00f3n para Traquetom\u00eda y\nVentilador PMV 2001 (15mm ID, 23mm OD) se conecta a\nun tubo de traqueostom\u00eda est\u00e1ndar de 15mm. La PMV\n2001 es de perfil bajo, ligero y de color p\u00farpura para una\nf\u00e1cil identificaci\u00f3n. Se puede suministrar ox\u00edgeno\nsuplementario de bajo flujo a trav\u00e9s de la v\u00e1lvula uniendo\nel Adaptador de Ox\u00edgeno PMA\u00ae 2000. La v\u00e1lvula de\nHabla PMV 2001 se puede conectar a un ventilador\nmec\u00e1nico con el Adaptador PMV\u00ae AD22 u otros\nadaptadores de silicona flexibles de 22mm. La V\u00e1lvula de\nHabla PMV 2001 est\u00e1 empaquetada con una Cinta de\nSujeci\u00f3n PMV Secure-It\u00ae que conecta la v\u00e1lvula a un lazo\nde traqueostom\u00eda para ayudar a prevenir p\u00e9rdidas. Sin\nl\u00e1tex. Hecha en los Estados Unidos.<\/p>\n<p class=\"translation-block\">\u00bfNo est\u00e1 seguro\/a de cu\u00e1l V\u00e1lvula Passy Muir\u00ae pedir?\n<a href=\"\/es\/choosingguide\/\" title=\"Go to our Choosing Guide\" target=\"_self\">Para ayudarle a determinar qu\u00e9 v\u00e1lvula se adapta a su\naplicaci\u00f3n, haga clic aqu\u00ed.<\/a><\/p>\n<\/p><\/div>\n<div><a title=\"C\u00f3mo ordenar\" href=\"\/es\/order\/\"><span class=\"order-now-header\">C\u00d3MO ORDENAR<\/span><\/a>&nbsp; &nbsp;<a title=\"Instruction Booklet\" href=\"\/es\/product-information\/\"><span class=\"order-now-header-aqua\">Instruction Booklet<\/span><\/a><\/div>\n<\/p><\/div>\n<div class=\"col-sm-4\">\n<p>Beneficios de la V\u00e1lvula de Habla PMV 2001:<\/p>\n<ul>\n<li>Restaura la comunicaci\u00f3n<\/li>\n<li>Mejora la degluci\u00f3n y puede reducir la aspiraci\u00f3n<\/li>\n<li>Restaura la presi\u00f3n natural positiva de la v\u00eda a\u00e9rea<\/li>\n<li>Facilita el manejo de las secreciones<\/li>\n<li>Puede mejorar la oxigenaci\u00f3n<\/li>\n<li>Acelera la desconexi\u00f3n del ventilador y la decanulaci\u00f3n<\/li>\n<li>Facilita el control de infecciones<\/li>\n<li>Mejora el olfato, el gusto y la sensaci\u00f3n<\/li>\n<\/ul><\/div>\n<\/div>","protected":false},"excerpt":{"rendered":"<span class=\"\">PMV<\/span><sup>\u00ae<\/sup> 2001 (Purple Color\u00ae) The PMV 2001 Tracheostomy &amp; Ventilator Swallowing and Speaking Valve (15mm I.D., 23mm O.D.) attaches to a standard 15mm tracheostomy tube hub. The PMV 2001 is low profile, lightweight, and purple in color for easy identification as a <span class=\"pmv_ws\"><span class=\"pm_ws\"><span class=\"pm_ws\">Passy Muir<\/span><\/span> Valve<\/span>. Supplemental low-flow oxygen may be delivered through the Valve by [&hellip;]","protected":false},"author":6,"featured_media":3835,"parent":0,"menu_order":0,"comment_status":"closed","ping_status":"closed","template":"","meta":{"footnotes":""},"yst_prominent_words":[552,1280,1661,1660,661,87,484,86,72,51,1279,1659,1658,656,516,202,384,50,81,312],"class_list":["post-560","page","type-page","status-publish","has-post-thumbnail","hentry"],"_links":{"self":[{"href":"http:\/\/1.passy-muir.com\/es\/wp-json\/wp\/v2\/pages\/560","targetHints":{"allow":["GET"]}}],"collection":[{"href":"http:\/\/1.passy-muir.com\/es\/wp-json\/wp\/v2\/pages"}],"about":[{"href":"http:\/\/1.passy-muir.com\/es\/wp-json\/wp\/v2\/types\/page"}],"author":[{"embeddable":true,"href":"http:\/\/1.passy-muir.com\/es\/wp-json\/wp\/v2\/users\/6"}],"replies":[{"embeddable":true,"href":"http:\/\/1.passy-muir.com\/es\/wp-json\/wp\/v2\/comments?post=560"}],"version-history":[{"count":20,"href":"http:\/\/1.passy-muir.com\/es\/wp-json\/wp\/v2\/pages\/560\/revisions"}],"predecessor-version":[{"id":20039,"href":"http:\/\/1.passy-muir.com\/es\/wp-json\/wp\/v2\/pages\/560\/revisions\/20039"}],"wp:featuredmedia":[{"embeddable":true,"href":"http:\/\/1.passy-muir.com\/es\/wp-json\/wp\/v2\/media\/3835"}],"wp:attachment":[{"href":"http:\/\/1.passy-muir.com\/es\/wp-json\/wp\/v2\/media?parent=560"}],"wp:term":[{"taxonomy":"yst_prominent_words","embeddable":true,"href":"http:\/\/1.passy-muir.com\/es\/wp-json\/wp\/v2\/yst_prominent_words?post=560"}],"curies":[{"name":"wp","href":"https:\/\/api.w.org\/{rel}","templated":true}]}}