{"id":562,"date":"2017-01-06T00:35:51","date_gmt":"2017-01-06T00:35:51","guid":{"rendered":"http:\/\/localhost:8080\/mywordpress\/the-pmv-007-aqua-color\/"},"modified":"2024-12-12T12:14:46","modified_gmt":"2024-12-12T20:14:46","slug":"pmv007","status":"publish","type":"page","link":"http:\/\/1.passy-muir.com\/es\/pmv007\/","title":{"rendered":"PMV\u00ae 007 (Aqua Color\u00ae) Speaking Valve"},"content":{"rendered":"<div class=\"l3-header-con no-banner\">\n<h1 class=\"l3-header-text\">PMV<sup>\u00ae<\/sup> 007 (Aqua Color<sup>\u00ae<\/sup>)<\/h1>\n<\/div>\n<div class=\"row\">\n<div class=\"col-sm-8\">\n<figure class=\"product_image\"><img decoding=\"async\" src=\"\/wp-content\/uploads\/2024\/03\/pmv007-2024reg.png\" alt=\"PMV 007 (Aqua Color)\" title=\"The PMV 007 Tracheostomy &amp; Ventilator Swallowing and Speaking Valve (15mm I.D., 22mm O.D.)\" \/><\/figure>\n<div class=\"\">\n<p>The PMV 007 Tracheostomy &amp; Ventilator Swallowing and Speaking Valve (15mm I.D., 22mm O.D.) is designed to be inserted into standard disposable tubing in a ventilator circuit. The PMV 007 may be attached to a standard 15mm tracheostomy tube hub or connected to an in-line suction system through the use of a PMV<sup>\u00ae<\/sup>AD1522 or other 15mm x 22mm step-down adapter. The PMV 007 Speaking Valve is aqua in color for easy identification as a <span class=\"pmv_ws\"><span class=\"pm_ws\"><span class=\"pm_ws\">Passy Muir<\/span><\/span> Valve<\/span>, and can be used on or off the ventilator. Not compatible with Secure-It or PMA<sup>\u00ae<\/sup> 2000 Oxygen Adapter. Latex free. Made in the USA.<\/p>\n<p class=\"translation-block\">\u00bfNo est\u00e1 seguro\/a de cu\u00e1l V\u00e1lvula Passy Muir\u00ae pedir?\n<a href=\"\/es\/choosingguide\/\" title=\"Go to our Choosing Guide\" target=\"_self\">Para ayudarle a determinar qu\u00e9 v\u00e1lvula se adapta a su\naplicaci\u00f3n, haga clic aqu\u00ed.<\/a><\/p>\n<\/p><\/div>\n<div><a title=\"C\u00f3mo ordenar\" href=\"\/es\/order\/\"><span class=\"order-now-header\">C\u00d3MO ORDENAR<\/span><\/a>&nbsp; &nbsp;<a title=\"Instruction Booklet\" href=\"\/es\/product-information\/\"><span class=\"order-now-header-aqua\">Instruction Booklet<\/span><\/a><\/div>\n<\/p><\/div>\n<div class=\"col-sm-4\">\n<p>Beneficios de la v\u00e1lvula de habla PMV 007:<\/p>\n<ul>\n<li>Restaura la comunicaci\u00f3n<\/li>\n<li>Mejora la degluci\u00f3n y puede reducir la aspiraci\u00f3n<\/li>\n<li>Restaura la presi\u00f3n natural positiva de la v\u00eda a\u00e9rea<\/li>\n<li>Facilita el manejo de las secreciones<\/li>\n<li>Puede mejorar la oxigenaci\u00f3n<\/li>\n<li>Acelera la desconexi\u00f3n del ventilador y la decanulaci\u00f3n<\/li>\n<li>Facilita el control de infecciones<\/li>\n<li>Mejora el olfato, el gusto y la sensaci\u00f3n<\/li>\n<\/ul><\/div>\n<\/div>","protected":false},"excerpt":{"rendered":"<span class=\"\">PMV<\/span><sup>\u00ae<\/sup> 007 (Aqua Color\u00ae) The PMV 007 Tracheostomy &amp; Ventilator Swallowing and Speaking Valve (15mm I.D., 22mm O.D.) is designed to be inserted into standard disposable tubing in a ventilator circuit. The PMV 007 may be attached to a standard 15mm tracheostomy tube hub or connected to an in-line suction system through the use of [&hellip;]","protected":false},"author":6,"featured_media":89,"parent":0,"menu_order":0,"comment_status":"closed","ping_status":"closed","template":"","meta":{"footnotes":""},"yst_prominent_words":[551,1671,1670,552,554,553,661,72,51,48,550,1669,1668,516,202,556,384,50,81,312],"class_list":["post-562","page","type-page","status-publish","has-post-thumbnail","hentry"],"_links":{"self":[{"href":"http:\/\/1.passy-muir.com\/es\/wp-json\/wp\/v2\/pages\/562","targetHints":{"allow":["GET"]}}],"collection":[{"href":"http:\/\/1.passy-muir.com\/es\/wp-json\/wp\/v2\/pages"}],"about":[{"href":"http:\/\/1.passy-muir.com\/es\/wp-json\/wp\/v2\/types\/page"}],"author":[{"embeddable":true,"href":"http:\/\/1.passy-muir.com\/es\/wp-json\/wp\/v2\/users\/6"}],"replies":[{"embeddable":true,"href":"http:\/\/1.passy-muir.com\/es\/wp-json\/wp\/v2\/comments?post=562"}],"version-history":[{"count":15,"href":"http:\/\/1.passy-muir.com\/es\/wp-json\/wp\/v2\/pages\/562\/revisions"}],"predecessor-version":[{"id":20725,"href":"http:\/\/1.passy-muir.com\/es\/wp-json\/wp\/v2\/pages\/562\/revisions\/20725"}],"wp:featuredmedia":[{"embeddable":true,"href":"http:\/\/1.passy-muir.com\/es\/wp-json\/wp\/v2\/media\/89"}],"wp:attachment":[{"href":"http:\/\/1.passy-muir.com\/es\/wp-json\/wp\/v2\/media?parent=562"}],"wp:term":[{"taxonomy":"yst_prominent_words","embeddable":true,"href":"http:\/\/1.passy-muir.com\/es\/wp-json\/wp\/v2\/yst_prominent_words?post=562"}],"curies":[{"name":"wp","href":"https:\/\/api.w.org\/{rel}","templated":true}]}}